{"id":430,"date":"2026-03-29T17:38:16","date_gmt":"2026-03-29T16:38:16","guid":{"rendered":"https:\/\/www.kubikcz.com\/?page_id=430"},"modified":"2026-03-29T17:38:16","modified_gmt":"2026-03-29T16:38:16","slug":"sponzoring","status":"publish","type":"page","link":"https:\/\/www.kubikcz.com\/?page_id=430","title":{"rendered":"Sponzoring"},"content":{"rendered":"\n<p>Sponzoring p\u0159edstavuje d\u016fle\u017eitou sou\u010d\u00e1st spole\u010densk\u00e9 odpov\u011bdnosti firmy a z\u00e1rove\u0148 p\u0159irozen\u00fd zp\u016fsob, jak vracet hodnotu zp\u011bt do regionu, ve kter\u00e9m p\u016fsob\u00edme. Podpora lok\u00e1ln\u00edch spolk\u016f, sportovn\u00edch t\u00fdm\u016f a kulturn\u00edch akc\u00ed p\u0159isp\u00edv\u00e1 nejen k jejich rozvoji, ale i k posilov\u00e1n\u00ed spole\u010densk\u00e9ho \u017eivota a vztah\u016f mezi lidmi.<\/p>\n\n\n\n<p>Na\u0161e spole\u010dnost dlouhodob\u011b podporuje \u0161irok\u00e9 spektrum aktivit \u2013 od sportu a\u017e po kulturu. Podporujeme nap\u0159\u00edklad T\u011blov\u00fdchovnou jednotu Slavkov pod Host\u00fdnem, h\u00e1zenou, florbal i thaibox v Hole\u0161ov\u011b, \u010d\u00edm\u017e p\u0159isp\u00edv\u00e1me k rozvoji ml\u00e1de\u017ee i aktivn\u00edmu \u017eivotn\u00edmu stylu. Z\u00e1rove\u0148 stoj\u00edme za projekty, jako je Hudba v zahrad\u00e1ch a z\u00e1mku Krom\u011b\u0159\u00ed\u017e, kter\u00e9 obohacuj\u00ed kulturn\u00ed \u017eivot v regionu.<\/p>\n\n\n\n<p><\/p>\n\n\n\n<p><a href=\"https:\/\/www.slavkov-ph.cz\/tj-slavkov-pod-hostynem\" data-type=\"link\" data-id=\"https:\/\/www.slavkov-ph.cz\/tj-slavkov-pod-hostynem\">T\u011blov\u00fdchovn\u00e1 jednota Slavkov pod Host\u00fdnem<\/a><br><a href=\"https:\/\/www.hazenaholesov.cz\/\" data-type=\"link\" data-id=\"https:\/\/www.hazenaholesov.cz\/\">H\u00e1zen\u00e1 Hole\u0161ov<br><\/a><a href=\"https:\/\/www.florbalholesov.cz\/\" data-type=\"link\" data-id=\"https:\/\/www.florbalholesov.cz\/\">Florbal Hole\u0161ov<\/a><br><a href=\"http:\/\/www.thaiboxholesov.cz\/\" data-type=\"link\" data-id=\"http:\/\/www.thaiboxholesov.cz\/\">Thaibox Hole\u0161ov<\/a><br><a href=\"https:\/\/www.moraviatour.cz\/\">Kamax Metal Moravia Tour<\/a><br><a href=\"https:\/\/www.hudbakromeriz.cz\/\" data-type=\"link\" data-id=\"https:\/\/www.hudbakromeriz.cz\/\">Hudba v zahrad\u00e1ch a z\u00e1mku Krom\u011b\u0159\u00ed\u017e<\/a><\/p>\n\n\n\n<p><\/p>\n","protected":false},"excerpt":{"rendered":"<p>Sponzoring p\u0159edstavuje d\u016fle\u017eitou sou\u010d\u00e1st spole\u010densk\u00e9 odpov\u011bdnosti firmy a z\u00e1rove\u0148 p\u0159irozen\u00fd zp\u016fsob, jak vracet hodnotu zp\u011bt do regionu, ve kter\u00e9m p\u016fsob\u00edme. Podpora lok\u00e1ln\u00edch spolk\u016f, sportovn\u00edch t\u00fdm\u016f a kulturn\u00edch akc\u00ed p\u0159isp\u00edv\u00e1 nejen k jejich rozvoji, ale i k posilov\u00e1n\u00ed spole\u010densk\u00e9ho \u017eivota a vztah\u016f mezi lidmi. Na\u0161e spole\u010dnost dlouhodob\u011b podporuje \u0161irok\u00e9 spektrum aktivit \u2013 od sportu a\u017e po &#8230; <a title=\"Sponzoring\" class=\"read-more\" href=\"https:\/\/www.kubikcz.com\/?page_id=430\" aria-label=\"\u010c\u00edst v\u00edce o Sponzoring\">\u010c\u00edst d\u00e1l<\/a><\/p>\n","protected":false},"author":1,"featured_media":0,"parent":0,"menu_order":0,"comment_status":"closed","ping_status":"closed","template":"","meta":{"footnotes":""},"class_list":["post-430","page","type-page","status-publish"],"_links":{"self":[{"href":"https:\/\/www.kubikcz.com\/index.php?rest_route=\/wp\/v2\/pages\/430","targetHints":{"allow":["GET"]}}],"collection":[{"href":"https:\/\/www.kubikcz.com\/index.php?rest_route=\/wp\/v2\/pages"}],"about":[{"href":"https:\/\/www.kubikcz.com\/index.php?rest_route=\/wp\/v2\/types\/page"}],"author":[{"embeddable":true,"href":"https:\/\/www.kubikcz.com\/index.php?rest_route=\/wp\/v2\/users\/1"}],"replies":[{"embeddable":true,"href":"https:\/\/www.kubikcz.com\/index.php?rest_route=%2Fwp%2Fv2%2Fcomments&post=430"}],"version-history":[{"count":1,"href":"https:\/\/www.kubikcz.com\/index.php?rest_route=\/wp\/v2\/pages\/430\/revisions"}],"predecessor-version":[{"id":431,"href":"https:\/\/www.kubikcz.com\/index.php?rest_route=\/wp\/v2\/pages\/430\/revisions\/431"}],"wp:attachment":[{"href":"https:\/\/www.kubikcz.com\/index.php?rest_route=%2Fwp%2Fv2%2Fmedia&parent=430"}],"curies":[{"name":"wp","href":"https:\/\/api.w.org\/{rel}","templated":true}]}}